{"id":569,"date":"2017-07-07T21:46:30","date_gmt":"2017-07-07T21:46:30","guid":{"rendered":"https:\/\/cozysleep.123websitedev.com\/?page_id=569"},"modified":"2025-01-20T03:23:43","modified_gmt":"2025-01-20T03:23:43","slug":"chinh-sach-ban-hang","status":"publish","type":"page","link":"https:\/\/cozysleep.123websitedev.com\/en\/chinh-sach-ban-hang\/","title":{"rendered":"Sales policy"},"content":{"rendered":"<div class=\"wpb-content-wrapper\"><div class=\"vc_row wpb_row vc_row-fluid\"><div class=\"wpb_column vc_column_container vc_col-sm-12\"><div class=\"vc_column-inner\"><div class=\"wpb_wrapper\">\n\t<div class=\"wpb_text_column wpb_content_element\" >\n\t\t<div class=\"wpb_wrapper\">\n\t\t\t<p><strong>Bold text<\/strong> uspendisse lobortis aliquam lacus, vitae lacinia purus viverra vitae. Nulla facilisi. Duis efficitur, neque id egestas blandit, arcu lorem commodo justo, non aliquam arcu nulla et libero. Link inside text, massa quis molestie venenatis, erat enim faucibus sapien, eget elementum risus sapien vel turpis. Fusce vestibulum suscipit sem, vel gravida neque maximus ut. Duis dignissim enim at lorem auctor consequat. Ut neque dui, dapibus nec molestie quis, facilisis nec odio. Proin faucibus sodales tincidunt. Proin a gravida mauris. Nam bibendum rutrum blandit. In sit amet ornare erat. Curabitur nec diam sit amet eros gravida mollis. Vestibulum in lectus venenatis, tempor mauris et, malesuada nulla.<\/p>\n<blockquote><p>\nSuspendisse consectetur libero eu sapien elementum sodales. Fusce eu justo a sapien tincidunt aliquet. Suspendisse imperdiet tristique orci, a dictum nulla commodo eget. Suspendisse consectetur libero eu sapien elementum sodales.\n<\/p><\/blockquote>\n<p>Duis efficitur, neque id egestas blandit, arcu lorem commodo justo, non aliquam arcu nulla et libero. Link inside text, massa quis molestie venenatis, erat enim faucibus sapien, eget elementum risus sapien vel turpis. Fusce vestibulum suscipit sem, vel gravida neque maximus ut. Duis dignissim enim at lorem auctor consequat. Ut neque dui, dapibus nec molestie quis, facilisis nec odio.<\/p>\n<p>Duis efficitur, neque id egestas blandit, arcu lorem commodo justo, non aliquam arcu nulla et libero. Link inside text, massa quis molestie venenatis, erat enim faucibus sapien, eget elementum risus sapien vel turpis. Fusce vestibulum suscipit sem, vel gravida neque maximus ut. Duis dignissim enim at lorem auctor consequat. Ut neque dui, dapibus nec molestie quis, facilisis nec odio. Proin faucibus sodales tincidunt. Proin a gravida mauris. Nam bibendum rutrum blandit. In sit amet ornare erat. Curabitur nec diam sit amet eros gravida mollis. Vestibulum in lectus venenatis, tempor mauris et, malesuada nulla.<\/p>\n<p>Duis efficitur, neque id egestas blandit, arcu lorem commodo justo, non aliquam arcu nulla et libero. Link inside text, massa quis molestie venenatis, erat enim faucibus sapien, eget elementum risus sapien vel turpis. Id egestas blandit, arcu lorem commodo justo, non aliquam arcu nulla et libero. Muis molestie venenatis, erat enim faucibus sapien, eget elementum risus sapien vel turpis.<\/p>\n<p>Link inside text, massa quis molestie venenatis, erat enim faucibus sapien, eget elementum risus sapien vel turpis. Fusce vestibulum suscipit sem, vel gravida neque maximus ut. Duis dignissim enim at lorem auctor consequat.<\/p>\n<hr \/>\n<p><strong>TAGS: <span style=\"color: #999999;\">#Online, #WordPress, #Text, #Elements<\/span><\/strong><\/p>\n\n\t\t<\/div>\n\t<\/div>\n<\/div><\/div><\/div><\/div>\n<\/div>","protected":false},"excerpt":{"rendered":"Bold text uspendisse lobortis aliquam lacus, vitae lacinia purus viverra vitae. Nulla facilisi. Duis efficitur, neque id egestas blandit, arcu lorem commodo justo, non aliquam arcu nulla et libero. Link inside text, massa quis molestie venenatis, erat enim faucibus sapien, eget elementum risus sapien vel turpis. Fusce vestibulum suscipit sem, vel gravida neque maximus ut. Duis dignissim enim at lorem auctor consequat. Ut neque dui, dapibus nec molestie quis, facilisis nec odio. Proin faucibus sodales tincidunt. Proin a gravida mauris. Nam bibendum rutrum blandit. In sit amet ornare erat. Curabitur nec diam sit amet eros gravida mollis. Vestibulum in lectus [...]","protected":false},"author":1,"featured_media":0,"parent":0,"menu_order":0,"comment_status":"closed","ping_status":"closed","template":"page-templates\/full-width.php","meta":{"footnotes":""},"yoast_head":"<!-- This site is optimized with the Yoast SEO Premium plugin v20.4 (Yoast SEO v20.4) - https:\/\/yoast.com\/wordpress\/plugins\/seo\/ -->\n<title>Ch\u00ednh s\u00e1ch b\u00e1n h\u00e0ng - Cozysleepvietnam<\/title>\n<meta name=\"robots\" content=\"noindex, follow, max-snippet:-1, max-image-preview:large, max-video-preview:-1\" \/>\n<meta property=\"og:locale\" content=\"en_US\" \/>\n<meta property=\"og:type\" content=\"article\" \/>\n<meta property=\"og:title\" content=\"Ch\u00ednh s\u00e1ch b\u00e1n h\u00e0ng\" \/>\n<meta property=\"og:url\" content=\"https:\/\/cozysleep.123websitedev.com\/en\/chinh-sach-ban-hang\/\" \/>\n<meta property=\"og:site_name\" content=\"Cozysleepvietnam\" \/>\n<meta property=\"article:modified_time\" content=\"2025-01-20T03:23:43+00:00\" \/>\n<meta name=\"twitter:card\" content=\"summary_large_image\" \/>\n<meta name=\"twitter:label1\" content=\"Est. reading time\" \/>\n\t<meta name=\"twitter:data1\" content=\"2 minutes\" \/>\n<script type=\"application\/ld+json\" class=\"yoast-schema-graph\">{\"@context\":\"https:\/\/schema.org\",\"@graph\":[{\"@type\":\"WebPage\",\"@id\":\"https:\/\/cozysleep.123websitedev.com\/chinh-sach-ban-hang\/\",\"url\":\"https:\/\/cozysleep.123websitedev.com\/chinh-sach-ban-hang\/\",\"name\":\"Ch\u00ednh s\u00e1ch b\u00e1n h\u00e0ng - Cozysleepvietnam\",\"isPartOf\":{\"@id\":\"https:\/\/cozysleep.123websitedev.com\/#website\"},\"datePublished\":\"2017-07-07T21:46:30+00:00\",\"dateModified\":\"2025-01-20T03:23:43+00:00\",\"breadcrumb\":{\"@id\":\"https:\/\/cozysleep.123websitedev.com\/chinh-sach-ban-hang\/#breadcrumb\"},\"inLanguage\":\"en-US\",\"potentialAction\":[{\"@type\":\"ReadAction\",\"target\":[\"https:\/\/cozysleep.123websitedev.com\/chinh-sach-ban-hang\/\"]}]},{\"@type\":\"BreadcrumbList\",\"@id\":\"https:\/\/cozysleep.123websitedev.com\/chinh-sach-ban-hang\/#breadcrumb\",\"itemListElement\":[{\"@type\":\"ListItem\",\"position\":1,\"name\":\"Home\",\"item\":\"https:\/\/cozysleep.123websitedev.com\/\"},{\"@type\":\"ListItem\",\"position\":2,\"name\":\"Ch\u00ednh s\u00e1ch b\u00e1n h\u00e0ng\"}]},{\"@type\":\"WebSite\",\"@id\":\"https:\/\/cozysleep.123websitedev.com\/#website\",\"url\":\"https:\/\/cozysleep.123websitedev.com\/\",\"name\":\"Cozysleepvietnam\",\"description\":\"\",\"potentialAction\":[{\"@type\":\"SearchAction\",\"target\":{\"@type\":\"EntryPoint\",\"urlTemplate\":\"https:\/\/cozysleep.123websitedev.com\/?s={search_term_string}\"},\"query-input\":\"required name=search_term_string\"}],\"inLanguage\":\"en-US\"}]}<\/script>\n<!-- \/ Yoast SEO Premium plugin. -->","yoast_head_json":{"title":"Ch\u00ednh s\u00e1ch b\u00e1n h\u00e0ng - Cozysleepvietnam","robots":{"index":"noindex","follow":"follow","max-snippet":"max-snippet:-1","max-image-preview":"max-image-preview:large","max-video-preview":"max-video-preview:-1"},"og_locale":"en_US","og_type":"article","og_title":"Ch\u00ednh s\u00e1ch b\u00e1n h\u00e0ng","og_url":"https:\/\/cozysleep.123websitedev.com\/en\/chinh-sach-ban-hang\/","og_site_name":"Cozysleepvietnam","article_modified_time":"2025-01-20T03:23:43+00:00","twitter_card":"summary_large_image","twitter_misc":{"Est. reading time":"2 minutes"},"schema":{"@context":"https:\/\/schema.org","@graph":[{"@type":"WebPage","@id":"https:\/\/cozysleep.123websitedev.com\/chinh-sach-ban-hang\/","url":"https:\/\/cozysleep.123websitedev.com\/chinh-sach-ban-hang\/","name":"Ch\u00ednh s\u00e1ch b\u00e1n h\u00e0ng - Cozysleepvietnam","isPartOf":{"@id":"https:\/\/cozysleep.123websitedev.com\/#website"},"datePublished":"2017-07-07T21:46:30+00:00","dateModified":"2025-01-20T03:23:43+00:00","breadcrumb":{"@id":"https:\/\/cozysleep.123websitedev.com\/chinh-sach-ban-hang\/#breadcrumb"},"inLanguage":"en-US","potentialAction":[{"@type":"ReadAction","target":["https:\/\/cozysleep.123websitedev.com\/chinh-sach-ban-hang\/"]}]},{"@type":"BreadcrumbList","@id":"https:\/\/cozysleep.123websitedev.com\/chinh-sach-ban-hang\/#breadcrumb","itemListElement":[{"@type":"ListItem","position":1,"name":"Home","item":"https:\/\/cozysleep.123websitedev.com\/"},{"@type":"ListItem","position":2,"name":"Ch\u00ednh s\u00e1ch b\u00e1n h\u00e0ng"}]},{"@type":"WebSite","@id":"https:\/\/cozysleep.123websitedev.com\/#website","url":"https:\/\/cozysleep.123websitedev.com\/","name":"Cozysleepvietnam","description":"","potentialAction":[{"@type":"SearchAction","target":{"@type":"EntryPoint","urlTemplate":"https:\/\/cozysleep.123websitedev.com\/?s={search_term_string}"},"query-input":"required name=search_term_string"}],"inLanguage":"en-US"}]}},"_links":{"self":[{"href":"https:\/\/cozysleep.123websitedev.com\/en\/wp-json\/wp\/v2\/pages\/569"}],"collection":[{"href":"https:\/\/cozysleep.123websitedev.com\/en\/wp-json\/wp\/v2\/pages"}],"about":[{"href":"https:\/\/cozysleep.123websitedev.com\/en\/wp-json\/wp\/v2\/types\/page"}],"author":[{"embeddable":true,"href":"https:\/\/cozysleep.123websitedev.com\/en\/wp-json\/wp\/v2\/users\/1"}],"replies":[{"embeddable":true,"href":"https:\/\/cozysleep.123websitedev.com\/en\/wp-json\/wp\/v2\/comments?post=569"}],"version-history":[{"count":0,"href":"https:\/\/cozysleep.123websitedev.com\/en\/wp-json\/wp\/v2\/pages\/569\/revisions"}],"wp:attachment":[{"href":"https:\/\/cozysleep.123websitedev.com\/en\/wp-json\/wp\/v2\/media?parent=569"}],"curies":[{"name":"wp","href":"https:\/\/api.w.org\/{rel}","templated":true}]}}